{"id":455,"date":"2013-06-22T20:38:47","date_gmt":"2013-06-22T20:38:47","guid":{"rendered":"http:\/\/cossalter.net\/?page_id=455"},"modified":"2020-11-30T14:48:00","modified_gmt":"2020-11-30T14:48:00","slug":"memoire-de-dea-le-gaja","status":"publish","type":"page","link":"https:\/\/www.cossalter.net\/?page_id=455","title":{"rendered":"M\u00e9moire de DEA : le GAJA"},"content":{"rendered":"<p>[et_pb_section fb_built=&#8221;1&#8243; admin_label=&#8221;section&#8221; _builder_version=&#8221;3.22&#8243;][et_pb_row admin_label=&#8221;row&#8221; _builder_version=&#8221;3.25&#8243; background_size=&#8221;initial&#8221; background_position=&#8221;top_left&#8221; background_repeat=&#8221;repeat&#8221;][et_pb_column type=&#8221;4_4&#8243; _builder_version=&#8221;3.25&#8243; custom_padding=&#8221;|||&#8221; custom_padding__hover=&#8221;|||&#8221;][et_pb_text admin_label=&#8221;Text&#8221; _builder_version=&#8221;4.6.6&#8243; background_size=&#8221;initial&#8221; background_position=&#8221;top_left&#8221; background_repeat=&#8221;repeat&#8221; hover_enabled=&#8221;0&#8243; sticky_enabled=&#8221;0&#8243;]<\/p>\n<h3>Les grands arr\u00eats de la jurisprudence administrative<\/h3>\n<p style=\"text-align: justify;\">J&#8217;ai soutenu ce m\u00e9moire en vue de l&#8217;obtention du DEA de droit public interne de l&#8217;Universit\u00e9 Panth\u00e9on-Assas (Paris II) le 17 septembre 1999.<\/p>\n<p style=\"text-align: justify;\">Le style est assez &#8220;frais&#8221;, les analyses manquent peut-\u00eatre de finesse.<\/p>\n<p style=\"text-align: justify;\">Mais l&#8217;ann\u00e9e 2006 a \u00e9t\u00e9 une ann\u00e9e de comm\u00e9morations du <em>GAJA <\/em>(v. les actes du colloque <em>&#8220;50\u00e8me anniversaire des Grands arr\u00eats de la jurisprudence administrative<\/em>, <em>RFDA<\/em> 2007 n\u00b0\u00a02).<\/p>\n<p style=\"text-align: justify;\">Il m&#8217;a sembl\u00e9 utile de mettre en ligne cette &#8220;archive&#8221; dont le principal int\u00e9r\u00eat est de fournir quelques analyses bibliom\u00e9triques des <strong>11 premi\u00e8res \u00e9ditions<\/strong>.<\/p>\n<p style=\"text-align: justify;\">Les annexes reproduisent en outre un \u00e9change \u00e9pistolaire entre le pr\u00e9sident Marceau Long et Ren\u00e9 Cassin. Les lettres sont issues des <strong>archives<\/strong> Ren\u00e9 Cassin aux <em>Archives nationales<\/em>.<\/p>\n<p style=\"text-align: justify;\">Je tiens ici \u00e0 remercier (avec quelque retard) le pionier St\u00e9phane Cottin pour ses pr\u00e9cieux conseils en mati\u00e8re bibliom\u00e9trique, ainsi que les auteurs, qui ont accept\u00e9 de me recevoir.<\/p>\n<p style=\"text-align: justify;\">Voici donc cette archive, au format PDF :\u00a0\u00a0<a href=\"https:\/\/www.cossalter.net\/wp-content\/uploads\/2020\/11\/memoire_DEA_GAJA_cossalter.pdf\" rel=\"attachment wp-att-969\">memoire_DEA_GAJA_cossalter<\/a>\u00a0(927 Ko)<\/p>\n<p>Et pour rire un peu, ce film trouv\u00e9 sur Dailymotion :<\/p>\n<p>&nbsp;<\/p>\n<div>\n<div><b><a href=\"http:\/\/www.dailymotion.com\/video\/x6gswq_the-gaja-effect_shortfilms\">The G.A.J.A. Effect<\/a><\/b><br \/> <em>par <a href=\"http:\/\/www.dailymotion.com\/pehaboy\">pehaboy<\/a><\/em><\/div>\n<\/div>\n<p>[\/et_pb_text][\/et_pb_column][\/et_pb_row][\/et_pb_section]<\/p>\n","protected":false},"excerpt":{"rendered":"<p>Les grands arr\u00eats de la jurisprudence administrative J&#8217;ai soutenu ce m\u00e9moire en vue de l&#8217;obtention du DEA de droit public interne de l&#8217;Universit\u00e9 Panth\u00e9on-Assas (Paris II) le 17 septembre 1999. Le style est assez &#8220;frais&#8221;, les analyses manquent peut-\u00eatre de finesse. Mais l&#8217;ann\u00e9e 2006 a \u00e9t\u00e9 une ann\u00e9e de comm\u00e9morations du GAJA (v. les actes [&hellip;]<\/p>\n","protected":false},"author":2,"featured_media":0,"parent":0,"menu_order":0,"comment_status":"open","ping_status":"open","template":"","meta":{"_et_pb_use_builder":"on","_et_pb_old_content":"<h3>Les grands arr\u00eats de la jurisprudence administrative<\/h3>\r\n<p style=\"text-align: justify;\">J'ai soutenu ce m\u00e9moire en vue de l'obtention du DEA de droit public interne de l'Universit\u00e9 Panth\u00e9on-Assas (Paris II) le 17 septembre 1999.<\/p>\r\n<p style=\"text-align: justify;\">Le style est assez \"frais\", les analyses manquent peut-\u00eatre de finesse.<\/p>\r\n<p style=\"text-align: justify;\">Mais l'ann\u00e9e 2006 a \u00e9t\u00e9 une ann\u00e9e de comm\u00e9morations du <em>GAJA <\/em>(v. les actes du colloque <em>\"50\u00e8me anniversaire des Grands arr\u00eats de la jurisprudence administrative<\/em>, <em>RFDA<\/em> 2007 n\u00b0\u00a02).<\/p>\r\n<p style=\"text-align: justify;\">Il m'a sembl\u00e9 utile de mettre en ligne cette \"archive\" dont le principal int\u00e9r\u00eat est de fournir quelques analyses bibliom\u00e9triques des <strong>11 premi\u00e8res \u00e9ditions<\/strong>.<\/p>\r\n<p style=\"text-align: justify;\">Les annexes reproduisent en outre un \u00e9change \u00e9pistolaire entre le pr\u00e9sident Marceau Long et Ren\u00e9 Cassin. Les lettres sont issues des <strong>archives<\/strong> Ren\u00e9 Cassin aux <em>Archives nationales<\/em>.<\/p>\r\n<p style=\"text-align: justify;\">Je tiens ici \u00e0 remercier (avec quelque retard) le pionier St\u00e9phane Cottin pour ses pr\u00e9cieux conseils en mati\u00e8re bibliom\u00e9trique, ainsi que les auteurs, qui ont accept\u00e9 de me recevoir.<\/p>\r\n<p style=\"text-align: justify;\">Voici donc cette archive, au format <a href=\"http:\/\/www.cossalter.net\/cossalter\/docs\/memoire_DEA_GAJA_cossalter.pdf\" target=\"_blank\">PDF<\/a> (927 Ko)<\/p>\r\nEt pour rire un peu, ce film trouv\u00e9 sur Dailymotion :\r\n\r\n&nbsp;\r\n<div>\r\n<div><b><a href=\"http:\/\/www.dailymotion.com\/video\/x6gswq_the-gaja-effect_shortfilms\">The G.A.J.A. Effect<\/a><\/b>\r\n<em>par <a href=\"http:\/\/www.dailymotion.com\/pehaboy\">pehaboy<\/a><\/em><\/div>\r\n<\/div>","_et_gb_content_width":"","footnotes":""},"class_list":["post-455","page","type-page","status-publish","hentry"],"_links":{"self":[{"href":"https:\/\/www.cossalter.net\/index.php?rest_route=\/wp\/v2\/pages\/455","targetHints":{"allow":["GET"]}}],"collection":[{"href":"https:\/\/www.cossalter.net\/index.php?rest_route=\/wp\/v2\/pages"}],"about":[{"href":"https:\/\/www.cossalter.net\/index.php?rest_route=\/wp\/v2\/types\/page"}],"author":[{"embeddable":true,"href":"https:\/\/www.cossalter.net\/index.php?rest_route=\/wp\/v2\/users\/2"}],"replies":[{"embeddable":true,"href":"https:\/\/www.cossalter.net\/index.php?rest_route=%2Fwp%2Fv2%2Fcomments&post=455"}],"version-history":[{"count":5,"href":"https:\/\/www.cossalter.net\/index.php?rest_route=\/wp\/v2\/pages\/455\/revisions"}],"predecessor-version":[{"id":970,"href":"https:\/\/www.cossalter.net\/index.php?rest_route=\/wp\/v2\/pages\/455\/revisions\/970"}],"wp:attachment":[{"href":"https:\/\/www.cossalter.net\/index.php?rest_route=%2Fwp%2Fv2%2Fmedia&parent=455"}],"curies":[{"name":"wp","href":"https:\/\/api.w.org\/{rel}","templated":true}]}}