{"id":613,"date":"2001-01-01T10:10:10","date_gmt":"2001-01-01T10:10:10","guid":{"rendered":"http:\/\/cossalter.net\/?page_id=613"},"modified":"2019-04-28T12:38:49","modified_gmt":"2019-04-28T12:38:49","slug":"bibliotheque-des-contrats","status":"publish","type":"page","link":"https:\/\/www.cossalter.net\/?page_id=613","title":{"rendered":"Biblioth\u00e8que des contrats"},"content":{"rendered":"<p>[et_pb_section bb_built=&#8221;1&#8243;][et_pb_row][et_pb_column type=&#8221;2_3&#8243;][et_pb_text]<\/p>\n<p style=\"text-align: justify;\">La &#8220;Biblioth\u00e8que des contrats&#8221; est un projet personnel, visant \u00e0 rendre disponible et \u00e0 conserver pour mon usage personnel tous les contrats publics dont je pourrai avoir la disposition.<\/p>\n<p style=\"text-align: justify;\">Je fixe deux limites \u00e0 cette diffusion.<\/p>\n<ul style=\"text-align: justify;\">\n<li>En premier lieu je ne diffuserai aucune information qui pourrait faire l&#8217;objet de la protection aux termes de l&#8217;article 6 de la loi\u00a0n\u00b0 78-753 du 17 juillet 1978 portant diverses mesures d&#8217;am\u00e9lioration des relations entre l&#8217;administration et le public et diverses dispositions d&#8217;ordre administratif, social et fiscal sauf si, \u00e9videmment, j&#8217;ai trouv\u00e9 le contrat en libre disposition sur Internet.<\/li>\n<li>En second lieu je ne diffuserai <span style=\"text-decoration: underline;\">aucun contrat ni aucune information dont j&#8217;aurais eu connaissance dans le cadre de mes activit\u00e9s professionnelles ou \u00e0 la r\u00e9daction duquel j&#8217;aurais particip\u00e9<\/span>, d&#8217;une mani\u00e8re ou d&#8217;une autre.\u00a0Ne seront donc diffus\u00e9s ici que les contrats qui me sont professionnellement et personnellement, \u00e9trangers.<\/li>\n<\/ul>\n<p style=\"text-align: justify;\">Outre les contrats &#8220;r\u00e9els&#8221; je diffuserai les mod\u00e8les officiels qui pourront \u00eatre utiles au lecteur.<\/p>\n<p style=\"text-align: justify;\">Les contrats sont class\u00e9s selon leur type (DSP dont affermage, March\u00e9 public, Concession de travaux, AOT-LOA, etc&#8230;) et leur domaine (Casino, Assainissement, Fibre optique, etc&#8230;). Ces contrats peuvent \u00eatre retrouv\u00e9s selon ces deux taxonomies grace aux nuages de mots clefs pr\u00e9sents dans la barre de navigation lat\u00e9rale.<\/p>\n<p>[\/et_pb_text][et_pb_sidebar _builder_version=&#8221;3.0.89&#8243; area=&#8221;et_pb_widget_area_1&#8243; orientation=&#8221;left&#8221; show_border=&#8221;on&#8221; background_layout=&#8221;light&#8221; \/][\/et_pb_column][et_pb_column type=&#8221;1_3&#8243;][et_pb_sidebar _builder_version=&#8221;3.0.89&#8243; area=&#8221;sidebar-1&#8243; orientation=&#8221;left&#8221; show_border=&#8221;on&#8221; background_layout=&#8221;light&#8221; \/][\/et_pb_column][\/et_pb_row][et_pb_row][et_pb_column type=&#8221;4_4&#8243;][\/et_pb_column][\/et_pb_row][\/et_pb_section]<\/p>\n","protected":false},"excerpt":{"rendered":"<p><div class=\"et_pb_row et_pb_row_0 et_pb_row_empty\">\n\t\t\t\t\n\t\t\t\t\n\t\t\t\t\n\t\t\t\t\n\t\t\t\t\n\t\t\t<\/div><div class=\"et_pb_module et_pb_text et_pb_text_0  et_pb_text_align_left et_pb_bg_layout_light\">\n\t\t\t\t\n\t\t\t\t\n\t\t\t\t\n\t\t\t\t\n\t\t\t\t\n\t\t\t<\/div>La &#8220;Biblioth\u00e8que des contrats&#8221; est un projet personnel, visant \u00e0 rendre disponible et \u00e0 conserver pour mon usage personnel tous les contrats publics dont je pourrai avoir la disposition.Je fixe deux limites \u00e0 cette diffusion.En premier lieu je ne diffuserai aucune information qui pourrait faire l&#8217;objet de la protection aux termes de l&#8217;article 6 de [&hellip;]<\/p>\n","protected":false},"author":2,"featured_media":0,"parent":0,"menu_order":0,"comment_status":"open","ping_status":"open","template":"","meta":{"_et_pb_use_builder":"on","_et_pb_old_content":"<p style=\"text-align: justify;\">La \"Biblioth\u00e8que des contrats\" est un projet personnel, visant \u00e0 rendre disponible et \u00e0 conserver pour mon usage personnel tous les contrats publics dont je pourrai avoir la disposition.<\/p><p style=\"text-align: justify;\">Je fixe deux limites \u00e0 cette diffusion.<\/p><ul style=\"text-align: justify;\"><li>En premier lieu je ne diffuserai aucune information qui pourrait faire l'objet de la protection aux termes de l'article 6 de la loi\u00a0n\u00b0 78-753 du 17 juillet 1978 portant diverses mesures d'am\u00e9lioration des relations entre l'administration et le public et diverses dispositions d'ordre administratif, social et fiscal sauf si, \u00e9videmment, j'ai trouv\u00e9 le contrat en libre disposition sur Internet.<\/li><li>En second lieu je ne diffuserai <span style=\"text-decoration: underline;\">aucun contrat ni aucune information dont j'aurais eu connaissance dans le cadre de mes activit\u00e9s professionnelles ou \u00e0 la r\u00e9daction duquel j'aurais particip\u00e9<\/span>, d'une mani\u00e8re ou d'une autre.\u00a0Ne seront donc diffus\u00e9s ici que les contrats qui me sont professionnellement et personnellement, \u00e9trangers.<\/li><\/ul><p style=\"text-align: justify;\">Outre les contrats \"r\u00e9els\" je diffuserai les mod\u00e8les officiels qui pourront \u00eatre utiles au lecteur.<\/p><p style=\"text-align: justify;\">Les contrats sont class\u00e9s selon leur type (DSP dont affermage, March\u00e9 public, Concession de travaux, AOT-LOA, etc...) et leur domaine (Casino, Assainissement, Fibre optique, etc...). Ces contrats peuvent \u00eatre retrouv\u00e9s selon ces deux taxonomies grace aux nuages de mots clefs pr\u00e9sents dans la barre de navigation lat\u00e9rale.<\/p><p style=\"text-align: justify;\">\u00a0<\/p>","_et_gb_content_width":"","footnotes":""},"class_list":["post-613","page","type-page","status-publish","hentry"],"_links":{"self":[{"href":"https:\/\/www.cossalter.net\/index.php?rest_route=\/wp\/v2\/pages\/613","targetHints":{"allow":["GET"]}}],"collection":[{"href":"https:\/\/www.cossalter.net\/index.php?rest_route=\/wp\/v2\/pages"}],"about":[{"href":"https:\/\/www.cossalter.net\/index.php?rest_route=\/wp\/v2\/types\/page"}],"author":[{"embeddable":true,"href":"https:\/\/www.cossalter.net\/index.php?rest_route=\/wp\/v2\/users\/2"}],"replies":[{"embeddable":true,"href":"https:\/\/www.cossalter.net\/index.php?rest_route=%2Fwp%2Fv2%2Fcomments&post=613"}],"version-history":[{"count":5,"href":"https:\/\/www.cossalter.net\/index.php?rest_route=\/wp\/v2\/pages\/613\/revisions"}],"predecessor-version":[{"id":889,"href":"https:\/\/www.cossalter.net\/index.php?rest_route=\/wp\/v2\/pages\/613\/revisions\/889"}],"wp:attachment":[{"href":"https:\/\/www.cossalter.net\/index.php?rest_route=%2Fwp%2Fv2%2Fmedia&parent=613"}],"curies":[{"name":"wp","href":"https:\/\/api.w.org\/{rel}","templated":true}]}}